{"id":21514,"date":"2025-05-29T08:08:44","date_gmt":"2025-05-29T08:08:44","guid":{"rendered":"https:\/\/nueva.karidemo.com\/?page_id=21514"},"modified":"2025-05-29T08:18:20","modified_gmt":"2025-05-29T08:18:20","slug":"agua-amarga","status":"publish","type":"page","link":"https:\/\/nueva.karidemo.com\/fr\/agua-amarga\/","title":{"rendered":"Agua Amarga"},"content":{"rendered":"\t\t<div data-elementor-type=\"wp-page\" data-elementor-id=\"21514\" class=\"elementor elementor-21514 elementor-21508\" data-elementor-post-type=\"page\">\n\t\t\t\t<div class=\"elementor-element elementor-element-71c6157 e-flex e-con-boxed e-con e-parent\" data-id=\"71c6157\" data-element_type=\"container\">\n\t\t\t\t\t<div class=\"e-con-inner\">\n\t\t\t\t<div class=\"elementor-element elementor-element-dafda26 elementor-widget elementor-widget-houzez_elementor_section_title\" data-id=\"dafda26\" data-element_type=\"widget\" data-widget_type=\"houzez_elementor_section_title.default\">\n\t\t\t\t<div class=\"elementor-widget-container\">\n\t\t\t\t\t            <div class=\"houzez_section_title_wrap section-title-module\">\n                                    <h2 class=\"houzez_section_title\">Agua Amarga<\/h2>\n                \n                            <\/div>\n            \t\t\t\t<\/div>\n\t\t\t\t<\/div>\n\t\t\t\t<div class=\"elementor-element elementor-element-a139541 elementor-widget elementor-widget-text-editor\" data-id=\"a139541\" data-element_type=\"widget\" data-widget_type=\"text-editor.default\">\n\t\t\t\t<div class=\"elementor-widget-container\">\n\t\t\t\t\t\t\t\t\t<p>Agua Amarga est un petit village de p\u00eacheurs nich\u00e9 au c\u0153ur du parc naturel de Cabo de Gata-N\u00edjar. Avec une population qui atteint \u00e0 peine 200 habitants en basse saison, le village \u00e9blouit les visiteurs par la blancheur de ses maisons et les s\u00e9duit par son climat et la tranquillit\u00e9 de son environnement.<\/p><p>La plage est grande et de sable fin, bien prot\u00e9g\u00e9e du vent et des rares courants de la r\u00e9gion, tandis que les environs sont reli\u00e9s par des sentiers, des itin\u00e9raires et des chemins qui traversent le parc et permettent de d\u00e9couvrir des criques, des vues et des esp\u00e8ces vraiment insolites.<\/p><p>Appartenant \u00e0 la commune de N\u00edjar, sa situation dans le parc naturel emp\u00eache une croissance excessive de son centre urbain, ce qui a permis \u00e0 Agua Amarga de conserver son caract\u00e8re de petite ville au bord de la M\u00e9diterran\u00e9e. Malgr\u00e9 cela, ces derni\u00e8res ann\u00e9es, l&#8217;offre de services touristiques de toutes sortes s&#8217;est consid\u00e9rablement d\u00e9velopp\u00e9e, faisant d&#8217;Agua Amarga un lieu de vacances anim\u00e9, o\u00f9 l&#8217;on peut pratiquer diverses activit\u00e9s li\u00e9es aux loisirs et au sport.<\/p><p>En d\u00e9finitive, Agua Amarga est un endroit unique pour profiter de vacances reposantes au bord de la mer et au milieu de la nature surprenante du Cabo de Gata.<\/p><p>Charmant et paisible village de p\u00eacheurs. Ses habitants, moins de 300, ont toujours v\u00e9cu de la M\u00e9diterran\u00e9e. Sur la colline qui le prot\u00e8ge, on peut voir les ruines de l&#8217;ancien quai o\u00f9 \u00e9tait embarqu\u00e9 le minerai provenant des mines de Lucainena de las Torres.<\/p><p>Les rues \u00e9troites et sinueuses d&#8217;Agua Amarga sont parsem\u00e9es d&#8217;artisans et de passants. Sa minuscule place est un endroit charmant, id\u00e9al pour prendre un rafra\u00eechissement.<\/p><p>Sa c\u00f4te b\u00e9n\u00e9ficie d&#8217;une transparence in\u00e9gal\u00e9e. La Cala de Enmedio, accessible uniquement \u00e0 pied, et la Cala del Plomo sont deux paradis arides et escarp\u00e9s tout droit sortis d&#8217;un monde surr\u00e9aliste.<\/p><p>\u00c0 proximit\u00e9 d&#8217;Agua Amarga, en direction de Carboneras, apr\u00e8s avoir pass\u00e9 la tour de Mesa Rold\u00e1n et le phare, cach\u00e9e dans la noirceur des montagnes escarp\u00e9es, se trouve l&#8217;infinie Playa de Los Muertos, la derni\u00e8re plage du parc naturel. Son sable blanc et ses eaux turquoise nous font oublier que nous sommes toujours \u00e0 Almer\u00eda. Avant de faire une randonn\u00e9e jusqu&#8217;\u00e0 la plage, le Mirador de Los Muertos nous offre une vue panoramique. <\/p><p><!-- \/wp:paragraph --><\/p>\t\t\t\t\t\t\t\t<\/div>\n\t\t\t\t<\/div>\n\t\t\t\t\t<\/div>\n\t\t\t\t<\/div>\n\t\t\t\t<\/div>\n\t\t","protected":false},"excerpt":{"rendered":"<p>Agua Amarga Agua Amarga est un petit village de p\u00eacheurs nich\u00e9 au c\u0153ur du parc naturel de Cabo de Gata-N\u00edjar. Avec une population qui atteint \u00e0 peine 200 habitants en basse saison, le village \u00e9blouit les visiteurs par la blancheur de ses maisons et les s\u00e9duit par son climat et la tranquillit\u00e9 de son environnement. [&hellip;]<\/p>\n","protected":false},"author":1,"featured_media":0,"parent":0,"menu_order":0,"comment_status":"closed","ping_status":"closed","template":"elementor_header_footer","meta":{"footnotes":""},"class_list":["post-21514","page","type-page","status-publish","hentry"],"_links":{"self":[{"href":"https:\/\/nueva.karidemo.com\/fr\/wp-json\/wp\/v2\/pages\/21514","targetHints":{"allow":["GET"]}}],"collection":[{"href":"https:\/\/nueva.karidemo.com\/fr\/wp-json\/wp\/v2\/pages"}],"about":[{"href":"https:\/\/nueva.karidemo.com\/fr\/wp-json\/wp\/v2\/types\/page"}],"author":[{"embeddable":true,"href":"https:\/\/nueva.karidemo.com\/fr\/wp-json\/wp\/v2\/users\/1"}],"replies":[{"embeddable":true,"href":"https:\/\/nueva.karidemo.com\/fr\/wp-json\/wp\/v2\/comments?post=21514"}],"version-history":[{"count":5,"href":"https:\/\/nueva.karidemo.com\/fr\/wp-json\/wp\/v2\/pages\/21514\/revisions"}],"predecessor-version":[{"id":21526,"href":"https:\/\/nueva.karidemo.com\/fr\/wp-json\/wp\/v2\/pages\/21514\/revisions\/21526"}],"wp:attachment":[{"href":"https:\/\/nueva.karidemo.com\/fr\/wp-json\/wp\/v2\/media?parent=21514"}],"curies":[{"name":"wp","href":"https:\/\/api.w.org\/{rel}","templated":true}]}}