{"id":21681,"date":"2016-03-10T18:51:46","date_gmt":"2016-03-10T18:51:46","guid":{"rendered":"https:\/\/nueva.karidemo.com\/politique-en-matiere-de-cookies\/"},"modified":"2016-03-10T18:51:46","modified_gmt":"2016-03-10T18:51:46","slug":"politique-en-matiere-de-cookies","status":"publish","type":"page","link":"https:\/\/nueva.karidemo.com\/fr\/politique-en-matiere-de-cookies\/","title":{"rendered":"Politique en mati\u00e8re de cookies"},"content":{"rendered":"\n<p>Un cookie est un fichier qui est envoy\u00e9 dans le but de demander l&#8217;autorisation d&#8217;\u00eatre stock\u00e9 sur votre ordinateur. Lorsque vous acceptez ce fichier, il est cr\u00e9\u00e9 et le cookie sert alors \u00e0 obtenir des informations sur le trafic web, et facilite \u00e9galement les visites futures sur un site web r\u00e9current. Les cookies ont \u00e9galement pour fonction de permettre aux sites web de vous reconna\u00eetre individuellement et donc de vous offrir le meilleur service personnalis\u00e9 de leur site web. <\/p>\n\n\n\n<p>Le site web de&nbsp;<strong>OTHERHOUSE S L<\/strong>&nbsp;utilise des cookies afin d&#8217;identifier les pages consult\u00e9es et leur fr\u00e9quence. Ces informations sont utilis\u00e9es uniquement \u00e0 des fins d&#8217;analyse statistique, puis elles sont d\u00e9finitivement supprim\u00e9es. Vous pouvez supprimer les cookies \u00e0 tout moment de votre ordinateur. Cependant, les cookies contribuent \u00e0 am\u00e9liorer le service des sites web. Ils ne donnent pas acc\u00e8s aux informations de votre ordinateur ni \u00e0 vos donn\u00e9es personnelles, sauf si vous le souhaitez et que vous les fournissez directement lors de votre visite sur un site web. Vous pouvez accepter ou refuser l&#8217;utilisation de cookies, mais la plupart des navigateurs les acceptent automatiquement car ils permettent d&#8217;am\u00e9liorer le service web. Vous pouvez \u00e9galement modifier les param\u00e8tres de votre ordinateur pour refuser les cookies. Si vous les refusez, il est possible que vous ne puissiez pas utiliser certains de nos services.      <\/p>\n\n\n\n<h3 class=\"wp-block-heading\">Liens vers des tiers et r\u00e9seaux sociaux<\/h3>\n\n\n\n<p>Ce site web peut contenir des liens vers d&#8217;autres sites susceptibles de vous int\u00e9resser. Une fois que vous cliquez sur ces liens et quittez notre site, nous n&#8217;avons plus aucun contr\u00f4le sur le site vers lequel vous \u00eates redirig\u00e9 et ne sommes donc pas responsables des conditions d&#8217;utilisation, de la confidentialit\u00e9 ou de la protection de vos donn\u00e9es sur ces autres sites tiers. Ces sites sont soumis \u00e0 leurs propres politiques de confidentialit\u00e9, il est donc recommand\u00e9 de les consulter pour vous assurer que vous les acceptez.  <\/p>\n\n\n\n<h3 class=\"wp-block-heading\">Contr\u00f4le de vos informations personnelles<\/h3>\n\n\n\n<p>Vous pouvez \u00e0 tout moment restreindre la collecte ou l&#8217;utilisation des informations personnelles fournies \u00e0 notre site web. Chaque fois que vous \u00eates invit\u00e9 \u00e0 remplir un formulaire, tel que celui d&#8217;inscription d&#8217;utilisateur, vous pouvez cocher ou d\u00e9cocher l&#8217;option de recevoir des informations par courrier \u00e9lectronique. Si vous avez coch\u00e9 l&#8217;option de recevoir notre bulletin d&#8217;information ou notre publicit\u00e9, vous pouvez l&#8217;annuler \u00e0 tout moment. Cette soci\u00e9t\u00e9 ne vendra, ne c\u00e9dera ni ne distribuera les informations personnelles collect\u00e9es sans votre consentement, sauf si cela est requis par un juge dans le cadre d&#8217;une ordonnance judiciaire.   &nbsp;<strong>OTHERHOUSE S L<\/strong>&nbsp;se r\u00e9serve le droit de modifier les conditions de la pr\u00e9sente politique de confidentialit\u00e9 \u00e0 tout moment.<\/p>\n\n\n\n<p><\/p>\n","protected":false},"excerpt":{"rendered":"<p>Un cookie est un fichier qui est envoy\u00e9 dans le but de demander l&#8217;autorisation d&#8217;\u00eatre stock\u00e9 sur votre ordinateur. Lorsque vous acceptez ce fichier, il est cr\u00e9\u00e9 et le cookie sert alors \u00e0 obtenir des informations sur le trafic web, et facilite \u00e9galement les visites futures sur un site web r\u00e9current. Les cookies ont \u00e9galement [&hellip;]<\/p>\n","protected":false},"author":1,"featured_media":0,"parent":0,"menu_order":0,"comment_status":"closed","ping_status":"closed","template":"elementor_theme","meta":{"footnotes":""},"class_list":["post-21681","page","type-page","status-publish","hentry"],"_links":{"self":[{"href":"https:\/\/nueva.karidemo.com\/fr\/wp-json\/wp\/v2\/pages\/21681","targetHints":{"allow":["GET"]}}],"collection":[{"href":"https:\/\/nueva.karidemo.com\/fr\/wp-json\/wp\/v2\/pages"}],"about":[{"href":"https:\/\/nueva.karidemo.com\/fr\/wp-json\/wp\/v2\/types\/page"}],"author":[{"embeddable":true,"href":"https:\/\/nueva.karidemo.com\/fr\/wp-json\/wp\/v2\/users\/1"}],"replies":[{"embeddable":true,"href":"https:\/\/nueva.karidemo.com\/fr\/wp-json\/wp\/v2\/comments?post=21681"}],"version-history":[{"count":0,"href":"https:\/\/nueva.karidemo.com\/fr\/wp-json\/wp\/v2\/pages\/21681\/revisions"}],"wp:attachment":[{"href":"https:\/\/nueva.karidemo.com\/fr\/wp-json\/wp\/v2\/media?parent=21681"}],"curies":[{"name":"wp","href":"https:\/\/api.w.org\/{rel}","templated":true}]}}